{"id":158,"date":"2022-08-23T08:49:46","date_gmt":"2022-08-23T08:49:46","guid":{"rendered":"https:\/\/themexriver.com\/wp\/viando-wp\/?post_type=product&#038;p=158"},"modified":"2023-07-20T15:17:34","modified_gmt":"2023-07-20T15:17:34","slug":"mister-potato-bbq-chips-with-masala-chicken","status":"publish","type":"product","link":"https:\/\/nirashop.negmtech.com\/?product=mister-potato-bbq-chips-with-masala-chicken","title":{"rendered":"Bio s\u00fc\u00dfer Senf, 160 ml"},"content":{"rendered":"<p>Senf ist ein vielseitiges W\u00fcrz- und Heilmittel, das bereits seit der Antike verwendet wird und oft auf eine Gew\u00fcrzpaste reduziert wird, die nur Grillgut Geschmack verleiht. Zwergenwiese hat den Senf als Schatz f\u00fcr die kreative K\u00fcche, vegetarisches und veganes Kochen und Gerichte mit dem &#8222;gewissen Etwas&#8220; wiederentdeckt. Der Senf wird aus besten Zutaten hergestellt, wobei die Senfsaat ausschlie\u00dflich in Deutschland angebaut wird. Durch das schonende Herstellverfahren bleiben die wertvollen Inhaltsstoffe des ganzen Senfkorns optimal erhalten und erlesene Gew\u00fcrze und Zutaten runden den Geschmack ausgesuchter Senfsaaten ab.<\/p>\n<div id=\"gtx-trans\" style=\"position: absolute; left: -7px; top: 48px;\">\n<div class=\"gtx-trans-icon\"><\/div>\n<\/div>\n","protected":false},"excerpt":{"rendered":"<p>Senf ist ein vielseitiges W\u00fcrz- und Heilmittel, das bereits seit der Antike verwendet wird und oft auf eine Gew\u00fcrzpaste reduziert wird, die nur Grillgut Geschmack verleiht.<\/p>\n","protected":false},"featured_media":2431,"template":"","meta":{"inline_featured_image":false},"product_cat":[15,47],"product_tag":[],"class_list":{"0":"post-158","1":"product","2":"type-product","3":"status-publish","4":"has-post-thumbnail","6":"product_cat-nicht-kategorisiert","7":"product_cat-senf-saucen","9":"first","10":"instock","11":"sale","12":"shipping-taxable","13":"purchasable","14":"product-type-simple"},"_links":{"self":[{"href":"https:\/\/nirashop.negmtech.com\/index.php?rest_route=\/wp\/v2\/product\/158","targetHints":{"allow":["GET"]}}],"collection":[{"href":"https:\/\/nirashop.negmtech.com\/index.php?rest_route=\/wp\/v2\/product"}],"about":[{"href":"https:\/\/nirashop.negmtech.com\/index.php?rest_route=\/wp\/v2\/types\/product"}],"wp:featuredmedia":[{"embeddable":true,"href":"https:\/\/nirashop.negmtech.com\/index.php?rest_route=\/wp\/v2\/media\/2431"}],"wp:attachment":[{"href":"https:\/\/nirashop.negmtech.com\/index.php?rest_route=%2Fwp%2Fv2%2Fmedia&parent=158"}],"wp:term":[{"taxonomy":"product_cat","embeddable":true,"href":"https:\/\/nirashop.negmtech.com\/index.php?rest_route=%2Fwp%2Fv2%2Fproduct_cat&post=158"},{"taxonomy":"product_tag","embeddable":true,"href":"https:\/\/nirashop.negmtech.com\/index.php?rest_route=%2Fwp%2Fv2%2Fproduct_tag&post=158"}],"curies":[{"name":"wp","href":"https:\/\/api.w.org\/{rel}","templated":true}]}}