{"id":161,"date":"2022-08-23T08:58:43","date_gmt":"2022-08-23T08:58:43","guid":{"rendered":"https:\/\/themexriver.com\/wp\/viando-wp\/?post_type=product&#038;p=161"},"modified":"2023-07-20T14:36:51","modified_gmt":"2023-07-20T14:36:51","slug":"aci-aroma-pure-basmati-rice-with-premium-quality","status":"publish","type":"product","link":"https:\/\/nirashop.negmtech.com\/?product=aci-aroma-pure-basmati-rice-with-premium-quality","title":{"rendered":"Bio Wiking Senf, 160 ml"},"content":{"rendered":"<p>Senf ist ein vielseitiges Produkt, das seit der Antike als W\u00fcrz- und Heilmittel verwendet wird. Oft wird es heute nur noch als Gew\u00fcrzpaste betrachtet, um Grillgut Geschmack zu verleihen. Aber Zwergenwiese hat den Senf als Schatz f\u00fcr die kreative K\u00fcche, f\u00fcr vegetarisches und veganes Kochen, f\u00fcr Gerichte mit dem &#8222;gewissen Etwas&#8220; neu entdeckt. Der Senf wird ausschlie\u00dflich aus besten Zutaten hergestellt, wobei die Senfsaat ausschlie\u00dflich in Deutschland angebaut wird. Durch das schonende Herstellverfahren werden die wertvollen Inhaltsstoffe des ganzen Senfkorns optimal erhalten und erlesene Gew\u00fcrze und Zutaten runden den Geschmack ausgesuchter Senfsaaten ab.<\/p>\n<div id=\"gtx-trans\" style=\"position: absolute; left: 654px; top: 48px;\">\n<div class=\"gtx-trans-icon\"><\/div>\n<\/div>\n","protected":false},"excerpt":{"rendered":"<p>Senf ist ein vielseitiges Produkt, das seit der Antike als W\u00fcrz- und Heilmittel verwendet wird.<\/p>\n","protected":false},"featured_media":2429,"template":"","meta":{"inline_featured_image":false},"product_cat":[15,47],"product_tag":[],"class_list":{"0":"post-161","1":"product","2":"type-product","3":"status-publish","4":"has-post-thumbnail","6":"product_cat-nicht-kategorisiert","7":"product_cat-senf-saucen","9":"first","10":"instock","11":"shipping-taxable","12":"purchasable","13":"product-type-simple"},"_links":{"self":[{"href":"https:\/\/nirashop.negmtech.com\/index.php?rest_route=\/wp\/v2\/product\/161","targetHints":{"allow":["GET"]}}],"collection":[{"href":"https:\/\/nirashop.negmtech.com\/index.php?rest_route=\/wp\/v2\/product"}],"about":[{"href":"https:\/\/nirashop.negmtech.com\/index.php?rest_route=\/wp\/v2\/types\/product"}],"wp:featuredmedia":[{"embeddable":true,"href":"https:\/\/nirashop.negmtech.com\/index.php?rest_route=\/wp\/v2\/media\/2429"}],"wp:attachment":[{"href":"https:\/\/nirashop.negmtech.com\/index.php?rest_route=%2Fwp%2Fv2%2Fmedia&parent=161"}],"wp:term":[{"taxonomy":"product_cat","embeddable":true,"href":"https:\/\/nirashop.negmtech.com\/index.php?rest_route=%2Fwp%2Fv2%2Fproduct_cat&post=161"},{"taxonomy":"product_tag","embeddable":true,"href":"https:\/\/nirashop.negmtech.com\/index.php?rest_route=%2Fwp%2Fv2%2Fproduct_tag&post=161"}],"curies":[{"name":"wp","href":"https:\/\/api.w.org\/{rel}","templated":true}]}}