{"id":188,"date":"2022-08-23T10:15:55","date_gmt":"2022-08-23T10:15:55","guid":{"rendered":"https:\/\/themexriver.com\/wp\/viando-wp\/?post_type=product&#038;p=188"},"modified":"2023-07-20T14:36:39","modified_gmt":"2023-07-20T14:36:39","slug":"fresh-full-cream-milk-powder-newzland-dairy","status":"publish","type":"product","link":"https:\/\/nirashop.negmtech.com\/?product=fresh-full-cream-milk-powder-newzland-dairy","title":{"rendered":"Bio Fenchel Anis K\u00fcmmel Teemischung, 30,6 g"},"content":{"rendered":"<p>Das Trio aus Fenchel, Anis und K\u00fcmmel ist eine Teemischung, die bei Verdauungsproblemen helfen kann. Die Mischung hat einen w\u00fcrzig-s\u00fc\u00dfen Geschmack und ist besonders nach einer schweren Mahlzeit als Digestif geeignet. Sie kann dazu beitragen, Bl\u00e4hungen und Unwohlsein im Bauchbereich zu lindern und ein Gef\u00fchl von Leichtigkeit zu vermitteln.<\/p>\n<div id=\"gtx-trans\" style=\"position: absolute; left: -3px; top: 0px;\">\n<div class=\"gtx-trans-icon\"><\/div>\n<\/div>\n","protected":false},"excerpt":{"rendered":"<p>Das Trio aus Fenchel, Anis und K\u00fcmmel ist eine Teemischung, die bei Verdauungsproblemen helfen kann. Die Mischung hat einen w\u00fcrzig-s\u00fc\u00dfen Geschmack und ist besonders nach einer schweren Mahlzeit als Digestif geeignet<\/p>\n","protected":false},"featured_media":2427,"template":"","meta":{"inline_featured_image":false},"product_cat":[15,40],"product_tag":[],"class_list":{"0":"post-188","1":"product","2":"type-product","3":"status-publish","4":"has-post-thumbnail","6":"product_cat-nicht-kategorisiert","7":"product_cat-tee","9":"first","10":"instock","11":"shipping-taxable","12":"purchasable","13":"product-type-simple"},"_links":{"self":[{"href":"https:\/\/nirashop.negmtech.com\/index.php?rest_route=\/wp\/v2\/product\/188","targetHints":{"allow":["GET"]}}],"collection":[{"href":"https:\/\/nirashop.negmtech.com\/index.php?rest_route=\/wp\/v2\/product"}],"about":[{"href":"https:\/\/nirashop.negmtech.com\/index.php?rest_route=\/wp\/v2\/types\/product"}],"wp:featuredmedia":[{"embeddable":true,"href":"https:\/\/nirashop.negmtech.com\/index.php?rest_route=\/wp\/v2\/media\/2427"}],"wp:attachment":[{"href":"https:\/\/nirashop.negmtech.com\/index.php?rest_route=%2Fwp%2Fv2%2Fmedia&parent=188"}],"wp:term":[{"taxonomy":"product_cat","embeddable":true,"href":"https:\/\/nirashop.negmtech.com\/index.php?rest_route=%2Fwp%2Fv2%2Fproduct_cat&post=188"},{"taxonomy":"product_tag","embeddable":true,"href":"https:\/\/nirashop.negmtech.com\/index.php?rest_route=%2Fwp%2Fv2%2Fproduct_tag&post=188"}],"curies":[{"name":"wp","href":"https:\/\/api.w.org\/{rel}","templated":true}]}}