{"id":20,"date":"2022-08-22T11:34:25","date_gmt":"2022-08-22T11:34:25","guid":{"rendered":"https:\/\/themexriver.com\/wp\/viando-wp\/?post_type=product&#038;p=20"},"modified":"2023-07-20T14:58:33","modified_gmt":"2023-07-20T14:58:33","slug":"fontana-apple-juice-1-litre-fresh-and-nature","status":"publish","type":"product","link":"https:\/\/nirashop.negmtech.com\/?product=fontana-apple-juice-1-litre-fresh-and-nature","title":{"rendered":"Bio Korma Curry Paste, 175 g"},"content":{"rendered":"<p>Die Currypaste aus der mongolischen K\u00fcche von Cosmoveda ist eine reichhaltige, cremige W\u00fcrzpaste mit kostbaren Gew\u00fcrzen, Kokosnusscreme und Cashewn\u00fcssen, die sich zur Zubereitung k\u00f6stlicher Korma-Gerichte eignet. Um leckere Curry-Gerichte nach original indischer Art zuzubereiten, wird empfohlen, Gem\u00fcse und\/oder Gefl\u00fcgel oder Fleisch mit Zwiebeln und frischem Ingwer in Ghee kurz anzubraten und dann 1-2 Essl\u00f6ffel der Cosmoveda Korma Currypaste pro Portion hinzuzuf\u00fcgen und gar k\u00f6cheln zu lassen. F\u00fcr mehr Geschmack k\u00f6nnen Gem\u00fcse-, Fleischst\u00fccke oder Tofu \u00fcber Nacht in der Currypaste mariniert werden. Um eine s\u00e4mige Sauce zu erhalten, kann nach Belieben Creme Fraiche, Frischk\u00e4se oder Creamed Coconut unterger\u00fchrt werden und das Gericht noch einige Minuten k\u00f6cheln oder ziehen lassen. Serviert wird das indische Curry mit Reis.<\/p>\n<div id=\"gtx-trans\" style=\"position: absolute; left: -67px; top: 0.194447px;\">\n<div class=\"gtx-trans-icon\"><\/div>\n<\/div>\n","protected":false},"excerpt":{"rendered":"<p>Die Currypaste aus der mongolischen K\u00fcche von Cosmoveda ist eine reichhaltige, cremige W\u00fcrzpaste mit kostbaren Gew\u00fcrzen, Kokosnusscreme und Cashewn\u00fcssen, die sich zur Zubereitung k\u00f6stlicher Korma-Gerichte eignet.<\/p>\n","protected":false},"featured_media":2455,"template":"","meta":{"inline_featured_image":false},"product_cat":[15,68],"product_tag":[],"class_list":{"0":"post-20","1":"product","2":"type-product","3":"status-publish","4":"has-post-thumbnail","6":"product_cat-nicht-kategorisiert","7":"product_cat-asiatische-kuche","9":"first","10":"instock","11":"shipping-taxable","12":"purchasable","13":"product-type-simple"},"_links":{"self":[{"href":"https:\/\/nirashop.negmtech.com\/index.php?rest_route=\/wp\/v2\/product\/20","targetHints":{"allow":["GET"]}}],"collection":[{"href":"https:\/\/nirashop.negmtech.com\/index.php?rest_route=\/wp\/v2\/product"}],"about":[{"href":"https:\/\/nirashop.negmtech.com\/index.php?rest_route=\/wp\/v2\/types\/product"}],"wp:featuredmedia":[{"embeddable":true,"href":"https:\/\/nirashop.negmtech.com\/index.php?rest_route=\/wp\/v2\/media\/2455"}],"wp:attachment":[{"href":"https:\/\/nirashop.negmtech.com\/index.php?rest_route=%2Fwp%2Fv2%2Fmedia&parent=20"}],"wp:term":[{"taxonomy":"product_cat","embeddable":true,"href":"https:\/\/nirashop.negmtech.com\/index.php?rest_route=%2Fwp%2Fv2%2Fproduct_cat&post=20"},{"taxonomy":"product_tag","embeddable":true,"href":"https:\/\/nirashop.negmtech.com\/index.php?rest_route=%2Fwp%2Fv2%2Fproduct_tag&post=20"}],"curies":[{"name":"wp","href":"https:\/\/api.w.org\/{rel}","templated":true}]}}