{"id":23,"date":"2022-08-22T11:34:26","date_gmt":"2022-08-22T11:34:26","guid":{"rendered":"https:\/\/themexriver.com\/wp\/viando-wp\/?post_type=product&#038;p=23"},"modified":"2023-07-20T14:39:45","modified_gmt":"2023-07-20T14:39:45","slug":"kazifarms-kitchen-french-fries-hot-and-spicy","status":"publish","type":"product","link":"https:\/\/nirashop.negmtech.com\/?product=kazifarms-kitchen-french-fries-hot-and-spicy","title":{"rendered":"Bio Erdnussmus fein, 250 g"},"content":{"rendered":"<p>Dieses Produkt besteht zu 100% aus biologischen Erdn\u00fcssen ohne Zus\u00e4tze und bietet einen puren Genuss. Es eignet sich hervorragend f\u00fcr verschiedene Anwendungen wie zum Beispiel als Brotaufstrich, f\u00fcr die asiatische K\u00fcche, Gem\u00fcsegerichte, Erdnuss-Cookies, Dips oder k\u00f6stliche Saucen.<\/p>\n<p>Die Nussmuse von Rapunzel werden seit \u00fcber 35 Jahren in einem besonderen Verfahren hergestellt. Das volle Aroma der Erdn\u00fcsse entfaltet sich durch das R\u00f6sten mit Hei\u00dfluft aus regenerativen Energien. Dieses Verfahren ist schonend f\u00fcr die Umwelt und garantiert vollen Geschmack, w\u00e4hrend es auch schonend f\u00fcr die Erdn\u00fcsse selbst ist.<\/p>\n","protected":false},"excerpt":{"rendered":"<p>Die Haferkleie aus der Bauckhof M\u00fchle ist eine schnelle und praktische Nahrungserg\u00e4nzung f\u00fcr ballaststoffreiche Ern\u00e4hrung. Sie ist reich an Vitamin B1 und Eisen sowie wichtigen Mineralstoffen und Spurenelementen.<\/p>\n","protected":false},"featured_media":2450,"template":"","meta":{"inline_featured_image":false},"product_cat":[55],"product_tag":[],"class_list":{"0":"post-23","1":"product","2":"type-product","3":"status-publish","4":"has-post-thumbnail","6":"product_cat-nahrungserganzung","8":"first","9":"instock","10":"featured","11":"shipping-taxable","12":"purchasable","13":"product-type-simple"},"_links":{"self":[{"href":"https:\/\/nirashop.negmtech.com\/index.php?rest_route=\/wp\/v2\/product\/23","targetHints":{"allow":["GET"]}}],"collection":[{"href":"https:\/\/nirashop.negmtech.com\/index.php?rest_route=\/wp\/v2\/product"}],"about":[{"href":"https:\/\/nirashop.negmtech.com\/index.php?rest_route=\/wp\/v2\/types\/product"}],"wp:featuredmedia":[{"embeddable":true,"href":"https:\/\/nirashop.negmtech.com\/index.php?rest_route=\/wp\/v2\/media\/2450"}],"wp:attachment":[{"href":"https:\/\/nirashop.negmtech.com\/index.php?rest_route=%2Fwp%2Fv2%2Fmedia&parent=23"}],"wp:term":[{"taxonomy":"product_cat","embeddable":true,"href":"https:\/\/nirashop.negmtech.com\/index.php?rest_route=%2Fwp%2Fv2%2Fproduct_cat&post=23"},{"taxonomy":"product_tag","embeddable":true,"href":"https:\/\/nirashop.negmtech.com\/index.php?rest_route=%2Fwp%2Fv2%2Fproduct_tag&post=23"}],"curies":[{"name":"wp","href":"https:\/\/api.w.org\/{rel}","templated":true}]}}