{"id":24,"date":"2022-08-22T11:34:26","date_gmt":"2022-08-22T11:34:26","guid":{"rendered":"https:\/\/themexriver.com\/wp\/viando-wp\/?post_type=product&#038;p=24"},"modified":"2023-07-20T14:39:58","modified_gmt":"2023-07-20T14:39:58","slug":"acme-mango-pickle-free-spoon-1-pcs","status":"publish","type":"product","link":"https:\/\/nirashop.negmtech.com\/?product=acme-mango-pickle-free-spoon-1-pcs","title":{"rendered":"Bio Goldener Kurkuma Teemischung, 18 x 2 g"},"content":{"rendered":"<p>Mit dem Goldenen Kurkuma-Tee kannst du auf einfache Weise deinen Alltag aufpeppen! Kurkuma ist f\u00fcr seine Vielseitigkeit bekannt und dieser Tee ist ein gro\u00dfartiger Weg, um diese Vorteile zu nutzen &#8211; zu jeder Jahreszeit.<\/p>\n<p>Der Tee hat eine satte, dunkelgelbe Farbe und einen herrlich w\u00fcrzigen und vollmundigen Geschmack. Wenn du ein kleines Schl\u00fcckchen (Pflanzen-)Milch hinzuf\u00fcgst, wird er zu einer hervorragenden Alternative zu Kaffee. Wenn du ihn lauwarm trinkst, passt er wunderbar zu verschiedenen K\u00e4sesorten und gem\u00fcsebasierten Pfannengerichten.<\/p>\n","protected":false},"excerpt":{"rendered":"<p>Mit dem Goldenen Kurkuma-Tee kannst du auf einfache Weise deinen Alltag aufpeppen! Kurkuma ist f\u00fcr seine Vielseitigkeit bekannt und dieser Tee ist ein gro\u00dfartiger Weg, um diese Vorteile zu nutzen &#8211; zu jeder Jahreszeit. Der Tee hat eine satte, dunkelgelbe Farbe und einen herrlich w\u00fcrzigen und vollmundigen Geschmack. Wenn du ein kleines Schl\u00fcckchen (Pflanzen-)Milch hinzuf\u00fcgst, [&hellip;]<\/p>\n","protected":false},"featured_media":2442,"template":"","meta":{"inline_featured_image":false},"product_cat":[55],"product_tag":[],"class_list":{"0":"post-24","1":"product","2":"type-product","3":"status-publish","4":"has-post-thumbnail","6":"product_cat-nahrungserganzung","8":"first","9":"outofstock","10":"featured","11":"shipping-taxable","12":"purchasable","13":"product-type-simple"},"_links":{"self":[{"href":"https:\/\/nirashop.negmtech.com\/index.php?rest_route=\/wp\/v2\/product\/24","targetHints":{"allow":["GET"]}}],"collection":[{"href":"https:\/\/nirashop.negmtech.com\/index.php?rest_route=\/wp\/v2\/product"}],"about":[{"href":"https:\/\/nirashop.negmtech.com\/index.php?rest_route=\/wp\/v2\/types\/product"}],"wp:featuredmedia":[{"embeddable":true,"href":"https:\/\/nirashop.negmtech.com\/index.php?rest_route=\/wp\/v2\/media\/2442"}],"wp:attachment":[{"href":"https:\/\/nirashop.negmtech.com\/index.php?rest_route=%2Fwp%2Fv2%2Fmedia&parent=24"}],"wp:term":[{"taxonomy":"product_cat","embeddable":true,"href":"https:\/\/nirashop.negmtech.com\/index.php?rest_route=%2Fwp%2Fv2%2Fproduct_cat&post=24"},{"taxonomy":"product_tag","embeddable":true,"href":"https:\/\/nirashop.negmtech.com\/index.php?rest_route=%2Fwp%2Fv2%2Fproduct_tag&post=24"}],"curies":[{"name":"wp","href":"https:\/\/api.w.org\/{rel}","templated":true}]}}