{"id":241,"date":"2022-08-24T05:37:12","date_gmt":"2022-08-24T05:37:12","guid":{"rendered":"https:\/\/themexriver.com\/wp\/viando-wp\/?post_type=product&#038;p=241"},"modified":"2023-07-20T14:44:21","modified_gmt":"2023-07-20T14:44:21","slug":"koral-small-0-500-0-799-kg","status":"publish","type":"product","link":"https:\/\/nirashop.negmtech.com\/?product=koral-small-0-500-0-799-kg","title":{"rendered":"Bio Goldener Kurkuma Teemischung, 18 x 2 g"},"content":{"rendered":"<p>Der Goldene Kurkuma-Tee ist eine M\u00f6glichkeit, das Leben durch Tee-Trinken aufzupeppen. Kurkuma ist bekannt f\u00fcr seine Vielseitigkeit und dieser Tee kann das ganze Jahr \u00fcber genossen werden. Er hat eine satt-dunkelgelbe Farbe und einen herrlich w\u00fcrzigen und vollmundigen Geschmack. Mit einem kleinen Schuss (Pflanzen-)Milch ist er eine hervorragende Alternative zu Kaffee. Bei lauwarmer Temperatur passt er wunderbar zu verschiedenen K\u00e4sesorten und bunten Gem\u00fcsepfannengerichten.<\/p>\n","protected":false},"excerpt":{"rendered":"<p>Der Goldene Kurkuma-Tee ist eine M\u00f6glichkeit, das Leben durch Tee-Trinken aufzupeppen. Kurkuma ist bekannt f\u00fcr seine Vielseitigkeit und dieser Tee kann das ganze Jahr \u00fcber genossen werden.<\/p>\n","protected":false},"featured_media":2426,"template":"","meta":{"inline_featured_image":false},"product_cat":[15,40],"product_tag":[],"class_list":{"0":"post-241","1":"product","2":"type-product","3":"status-publish","4":"has-post-thumbnail","6":"product_cat-nicht-kategorisiert","7":"product_cat-tee","9":"first","10":"outofstock","11":"shipping-taxable","12":"purchasable","13":"product-type-simple"},"_links":{"self":[{"href":"https:\/\/nirashop.negmtech.com\/index.php?rest_route=\/wp\/v2\/product\/241","targetHints":{"allow":["GET"]}}],"collection":[{"href":"https:\/\/nirashop.negmtech.com\/index.php?rest_route=\/wp\/v2\/product"}],"about":[{"href":"https:\/\/nirashop.negmtech.com\/index.php?rest_route=\/wp\/v2\/types\/product"}],"wp:featuredmedia":[{"embeddable":true,"href":"https:\/\/nirashop.negmtech.com\/index.php?rest_route=\/wp\/v2\/media\/2426"}],"wp:attachment":[{"href":"https:\/\/nirashop.negmtech.com\/index.php?rest_route=%2Fwp%2Fv2%2Fmedia&parent=241"}],"wp:term":[{"taxonomy":"product_cat","embeddable":true,"href":"https:\/\/nirashop.negmtech.com\/index.php?rest_route=%2Fwp%2Fv2%2Fproduct_cat&post=241"},{"taxonomy":"product_tag","embeddable":true,"href":"https:\/\/nirashop.negmtech.com\/index.php?rest_route=%2Fwp%2Fv2%2Fproduct_tag&post=241"}],"curies":[{"name":"wp","href":"https:\/\/api.w.org\/{rel}","templated":true}]}}