{"id":252,"date":"2022-08-24T05:57:51","date_gmt":"2022-08-24T05:57:51","guid":{"rendered":"https:\/\/themexriver.com\/wp\/viando-wp\/?post_type=product&#038;p=252"},"modified":"2023-07-20T14:38:15","modified_gmt":"2023-07-20T14:38:15","slug":"organic-masafi-mango-juice-full-freash","status":"publish","type":"product","link":"https:\/\/nirashop.negmtech.com\/?product=organic-masafi-mango-juice-full-freash","title":{"rendered":"Kokosmilch aus erster Pressung | 65 % Kokosnussextrakt 400 ml"},"content":{"rendered":"<p>Unsere Kokosmilch besteht zu 65 % aus Kokosnussextrakt und enth\u00e4lt keine Verdickungsmittel. Sie ist von Natur aus vegan, gluten- und laktosefrei und eine exotische Alternative zu Milch und Sahne. F\u00fcr die Herstellung werden die Kokosn\u00fcsse gesch\u00e4lt, das Fruchtfleisch zerkleinert und in einer M\u00fchle ausgepresst, um die Kokosmilch zu gewinnen. Unsere Empfehlung ist, unsere Kokosmilch zu verwenden, um Suppen und Curries, Desserts und Getr\u00e4nke einen besonderen, exotischen Geschmack zu verleihen. Probiere auch unsere fettreduzierte Kokosmilch. Die Vorteile unserer Kokosmilch umfassen, dass sie keine Verdickungsmittel enth\u00e4lt, zu 65 % aus Kokosnussextrakt besteht, aus erster Pressung stammt und eine sehr gut recycelbare Wei\u00dfblechdose verwendet wird.<\/p>\n","protected":false},"excerpt":{"rendered":"<p>Unsere Kokosmilch besteht zu 65 % aus Kokosnussextrakt und enth\u00e4lt keine Verdickungsmittel.<\/p>\n","protected":false},"featured_media":2322,"template":"","meta":{"inline_featured_image":false},"product_cat":[68],"product_tag":[],"class_list":{"0":"post-252","1":"product","2":"type-product","3":"status-publish","4":"has-post-thumbnail","6":"product_cat-asiatische-kuche","8":"first","9":"instock","10":"shipping-taxable","11":"purchasable","12":"product-type-simple"},"_links":{"self":[{"href":"https:\/\/nirashop.negmtech.com\/index.php?rest_route=\/wp\/v2\/product\/252","targetHints":{"allow":["GET"]}}],"collection":[{"href":"https:\/\/nirashop.negmtech.com\/index.php?rest_route=\/wp\/v2\/product"}],"about":[{"href":"https:\/\/nirashop.negmtech.com\/index.php?rest_route=\/wp\/v2\/types\/product"}],"wp:featuredmedia":[{"embeddable":true,"href":"https:\/\/nirashop.negmtech.com\/index.php?rest_route=\/wp\/v2\/media\/2322"}],"wp:attachment":[{"href":"https:\/\/nirashop.negmtech.com\/index.php?rest_route=%2Fwp%2Fv2%2Fmedia&parent=252"}],"wp:term":[{"taxonomy":"product_cat","embeddable":true,"href":"https:\/\/nirashop.negmtech.com\/index.php?rest_route=%2Fwp%2Fv2%2Fproduct_cat&post=252"},{"taxonomy":"product_tag","embeddable":true,"href":"https:\/\/nirashop.negmtech.com\/index.php?rest_route=%2Fwp%2Fv2%2Fproduct_tag&post=252"}],"curies":[{"name":"wp","href":"https:\/\/api.w.org\/{rel}","templated":true}]}}