{"id":2567,"date":"2023-07-18T08:04:18","date_gmt":"2023-07-18T08:04:18","guid":{"rendered":"https:\/\/nirashop.negmtech.com\/?post_type=product&#038;p=2567"},"modified":"2023-07-20T14:29:52","modified_gmt":"2023-07-20T14:29:52","slug":"bio-trueffel-senf-125-ml","status":"publish","type":"product","link":"https:\/\/nirashop.negmtech.com\/?product=bio-trueffel-senf-125-ml","title":{"rendered":"Bio Schwarzk\u00fcmmel-\u00d6l, kalt gepresst, 100 ml"},"content":{"rendered":"<p>Schwarzk\u00fcmmel\u00f6l eignet sich hervorragend zur Verwendung in der K\u00fcche und als Kosmetikum. Es kann als Zutat in verschiedenen Gerichten verwendet werden und wird auch f\u00fcr seine kosmetischen Eigenschaften gesch\u00e4tzt.<\/p>\n<div id=\"gtx-trans\" style=\"position: absolute; left: -17px; top: 0.194447px;\">\n<div class=\"gtx-trans-icon\"><\/div>\n<\/div>\n","protected":false},"excerpt":{"rendered":"<p>Found himself transformed in his bed into a horrible vermin. He lay on his armour-like back, and if he lifted his head a little he could see his brown belly, slightly domed and divided by arches into stiff sections. The bedding was hardly able to cover it and seemed ready to slide off any moment. His many legs, pitifully thin compared with<\/p>\n","protected":false},"featured_media":2461,"template":"","meta":{"inline_featured_image":false},"product_cat":[49],"product_tag":[],"class_list":{"0":"post-2567","1":"product","2":"type-product","3":"status-publish","4":"has-post-thumbnail","6":"product_cat-essig-ol","8":"first","9":"outofstock","10":"shipping-taxable","11":"product-type-variable"},"_links":{"self":[{"href":"https:\/\/nirashop.negmtech.com\/index.php?rest_route=\/wp\/v2\/product\/2567","targetHints":{"allow":["GET"]}}],"collection":[{"href":"https:\/\/nirashop.negmtech.com\/index.php?rest_route=\/wp\/v2\/product"}],"about":[{"href":"https:\/\/nirashop.negmtech.com\/index.php?rest_route=\/wp\/v2\/types\/product"}],"wp:featuredmedia":[{"embeddable":true,"href":"https:\/\/nirashop.negmtech.com\/index.php?rest_route=\/wp\/v2\/media\/2461"}],"wp:attachment":[{"href":"https:\/\/nirashop.negmtech.com\/index.php?rest_route=%2Fwp%2Fv2%2Fmedia&parent=2567"}],"wp:term":[{"taxonomy":"product_cat","embeddable":true,"href":"https:\/\/nirashop.negmtech.com\/index.php?rest_route=%2Fwp%2Fv2%2Fproduct_cat&post=2567"},{"taxonomy":"product_tag","embeddable":true,"href":"https:\/\/nirashop.negmtech.com\/index.php?rest_route=%2Fwp%2Fv2%2Fproduct_tag&post=2567"}],"curies":[{"name":"wp","href":"https:\/\/api.w.org\/{rel}","templated":true}]}}