{"id":2576,"date":"2023-07-18T08:47:48","date_gmt":"2023-07-18T08:47:48","guid":{"rendered":"https:\/\/nirashop.negmtech.com\/?post_type=product&#038;p=2576"},"modified":"2023-07-20T14:28:54","modified_gmt":"2023-07-20T14:28:54","slug":"bio-nahrungsergaenzungsmittel-kurkuma-aktiv-60-kapseln-45-g-2","status":"publish","type":"product","link":"https:\/\/nirashop.negmtech.com\/?product=bio-nahrungsergaenzungsmittel-kurkuma-aktiv-60-kapseln-45-g-2","title":{"rendered":"Bio Nahrungserg\u00e4nzungsmittel Kurkuma Aktiv 60 Kapseln (45 g)"},"content":{"rendered":"<div class=\"ChatMessage_messageRow__7yIr2\" data-complete=\"true\">\n<div class=\"ChatMessage_messageWrapper__Zf87D\">\n<div>\n<div class=\"Message_row___ur0Y\">\n<div class=\"Message_botMessageBubble__CPGMI \">\n<div class=\"Markdown_markdownContainer__UyYrv\">\n<p>Kurkuma Aktiv von Pukka ist eine Kombination wertvoller Bio-Pflanzen wie Kurkuma, Weihrauchharz und Brennnesselbl\u00e4ttern, die zu einem aktiven Lebensstil passen. Es ist eine hochwertige Quelle mit 140 mg Curcuminoiden pro Portion (2 Kapseln).<\/p>\n<p>Zum \u00d6ffnen der Packung die Abdeckung durch Drehen abziehen. T\u00e4glich sollten 2 Kapseln vor dem Essen mit Wasser eingenommen werden. Nach dem \u00d6ffnen der Packung sollte der Innenbeutel gut verschlossen werden, um die optimale Qualit\u00e4t der Zutaten zu erhalten. Die Kapseln sollten innerhalb von 3 Monaten aufgebraucht werden.<\/p>\n<p>Es sollte k\u00fchl und trocken gelagert werden und au\u00dferhalb der Reichweite von Kindern aufbewahrt werden. Vor der Einnahme sollte bei Schwangerschaft, Stillzeit oder bei Einnahme von Medikamenten R\u00fccksprache mit einem Arzt gehalten werden. Die empfohlene Tagesdosis sollte nicht \u00fcberschritten werden. Das Produkt kann eine ausgewogene und abwechslungsreiche Ern\u00e4hrung nicht ersetzen.<\/p>\n<\/div>\n<\/div>\n<\/div>\n<div class=\"Message_botOptimisticFooter__aQiG9\"><\/div>\n<\/div>\n<div class=\"DropdownMenuButton_wrapper__z_2hR ChatMessageOverflowButton_overflowButtonWrapper__hoFuh\">\n<div>\n<div><\/div>\n<\/div>\n<\/div>\n<\/div>\n<\/div>\n<section class=\"ChatMessageFeedbackButtons_feedbackButtonsContainer__0Xd3I\"><\/section>\n<div id=\"gtx-trans\" style=\"position: absolute; left: -21px; top: 0.194447px;\">\n<div class=\"gtx-trans-icon\"><\/div>\n<\/div>\n","protected":false},"excerpt":{"rendered":"<p>Kurkuma Aktiv von Pukka ist eine Kombination wertvoller Bio-Pflanzen wie Kurkuma, Weihrauchharz und Brennnesselbl\u00e4ttern, die zu einem aktiven Lebensstil passen. Es ist eine hochwertige Quelle mit 140 mg Curcuminoiden pro Portion (2 Kapseln).<\/p>\n<div id=\"gtx-trans\" style=\"position: absolute; left: 621px; top: 38.3333px;\">\n<div class=\"gtx-trans-icon\"><\/div>\n<\/div>\n","protected":false},"featured_media":2573,"template":"","meta":{"inline_featured_image":false},"product_cat":[55],"product_tag":[],"class_list":{"0":"post-2576","1":"product","2":"type-product","3":"status-publish","4":"has-post-thumbnail","6":"product_cat-nahrungserganzung","8":"first","9":"instock","10":"sale","11":"featured","12":"shipping-taxable","13":"purchasable","14":"product-type-simple"},"_links":{"self":[{"href":"https:\/\/nirashop.negmtech.com\/index.php?rest_route=\/wp\/v2\/product\/2576","targetHints":{"allow":["GET"]}}],"collection":[{"href":"https:\/\/nirashop.negmtech.com\/index.php?rest_route=\/wp\/v2\/product"}],"about":[{"href":"https:\/\/nirashop.negmtech.com\/index.php?rest_route=\/wp\/v2\/types\/product"}],"wp:featuredmedia":[{"embeddable":true,"href":"https:\/\/nirashop.negmtech.com\/index.php?rest_route=\/wp\/v2\/media\/2573"}],"wp:attachment":[{"href":"https:\/\/nirashop.negmtech.com\/index.php?rest_route=%2Fwp%2Fv2%2Fmedia&parent=2576"}],"wp:term":[{"taxonomy":"product_cat","embeddable":true,"href":"https:\/\/nirashop.negmtech.com\/index.php?rest_route=%2Fwp%2Fv2%2Fproduct_cat&post=2576"},{"taxonomy":"product_tag","embeddable":true,"href":"https:\/\/nirashop.negmtech.com\/index.php?rest_route=%2Fwp%2Fv2%2Fproduct_tag&post=2576"}],"curies":[{"name":"wp","href":"https:\/\/api.w.org\/{rel}","templated":true}]}}