{"id":30,"date":"2022-08-22T11:34:26","date_gmt":"2022-08-22T11:34:26","guid":{"rendered":"https:\/\/themexriver.com\/wp\/viando-wp\/?post_type=product&#038;p=30"},"modified":"2023-07-20T15:13:57","modified_gmt":"2023-07-20T15:13:57","slug":"pran-dhaka-cheese-100gm-dashi-freash","status":"publish","type":"product","link":"https:\/\/nirashop.negmtech.com\/?product=pran-dhaka-cheese-100gm-dashi-freash","title":{"rendered":"Bio Currypaste Korma, 190 g"},"content":{"rendered":"<p>Die Currypaste Korma ist eine raffinierte W\u00fcrzkomposition nach originalem Rezept, die sich schnell und leicht f\u00fcr die Zubereitung von k\u00f6stlichen und authentischen Currygerichten verwenden l\u00e4sst.<\/p>\n","protected":false},"excerpt":{"rendered":"<p>Die Currypaste Korma ist eine raffinierte W\u00fcrzkomposition nach originalem Rezept, die sich schnell und leicht f\u00fcr die Zubereitung von k\u00f6stlichen und authentischen Currygerichten verwenden l\u00e4sst.<\/p>\n","protected":false},"featured_media":2453,"template":"","meta":{"inline_featured_image":false},"product_cat":[15,68],"product_tag":[],"class_list":{"0":"post-30","1":"product","2":"type-product","3":"status-publish","4":"has-post-thumbnail","6":"product_cat-nicht-kategorisiert","7":"product_cat-asiatische-kuche","9":"first","10":"instock","11":"sale","12":"downloadable","13":"virtual","14":"purchasable","15":"product-type-simple"},"_links":{"self":[{"href":"https:\/\/nirashop.negmtech.com\/index.php?rest_route=\/wp\/v2\/product\/30","targetHints":{"allow":["GET"]}}],"collection":[{"href":"https:\/\/nirashop.negmtech.com\/index.php?rest_route=\/wp\/v2\/product"}],"about":[{"href":"https:\/\/nirashop.negmtech.com\/index.php?rest_route=\/wp\/v2\/types\/product"}],"wp:featuredmedia":[{"embeddable":true,"href":"https:\/\/nirashop.negmtech.com\/index.php?rest_route=\/wp\/v2\/media\/2453"}],"wp:attachment":[{"href":"https:\/\/nirashop.negmtech.com\/index.php?rest_route=%2Fwp%2Fv2%2Fmedia&parent=30"}],"wp:term":[{"taxonomy":"product_cat","embeddable":true,"href":"https:\/\/nirashop.negmtech.com\/index.php?rest_route=%2Fwp%2Fv2%2Fproduct_cat&post=30"},{"taxonomy":"product_tag","embeddable":true,"href":"https:\/\/nirashop.negmtech.com\/index.php?rest_route=%2Fwp%2Fv2%2Fproduct_tag&post=30"}],"curies":[{"name":"wp","href":"https:\/\/api.w.org\/{rel}","templated":true}]}}