{"id":457,"date":"2022-08-25T10:21:58","date_gmt":"2022-08-25T10:21:58","guid":{"rendered":"https:\/\/themexriver.com\/wp\/viando-wp\/?post_type=product&#038;p=457"},"modified":"2023-07-20T14:33:27","modified_gmt":"2023-07-20T14:33:27","slug":"freash-eggs-offer-use-code-egg99","status":"publish","type":"product","link":"https:\/\/nirashop.negmtech.com\/?product=freash-eggs-offer-use-code-egg99","title":{"rendered":"\u00d6l Sonnenblume Kaltgepresst 500 ml"},"content":{"rendered":"<p>Unser goldgelbes Sonnenblumen\u00f6l wird aus der ersten Pressung sorgf\u00e4ltig ausgew\u00e4hlter Sonnenblumenkerne hergestellt, die im Kaltpressverfahren angebaut werden. Mit seinem urspr\u00fcnglichen, aromatischen Geschmack und einem hohen Gehalt an mehrfach unges\u00e4ttigten Fetts\u00e4uren eignet sich unser Sonnenblumen\u00f6l perfekt zum Verfeinern von Lieblingsgerichten, Dressings, Rohkost oder zum schonenden D\u00fcnsten von Gem\u00fcse. Die Vorteile unseres Sonnenblumen\u00f6ls sind eine erste Pressung, kaltgepresst, Sonnenblumenkerne aus Vertragsanbau, ein hoher Gehalt an mehrfach unges\u00e4ttigten Fetts\u00e4uren, ein aromatischer Geschmack und eine sehr gut recycelbare Verpackung aus Glas.<\/p>\n<div id=\"gtx-trans\" style=\"position: absolute; left: -123px; top: 46.9722px;\">\n<div class=\"gtx-trans-icon\"><\/div>\n<\/div>\n","protected":false},"excerpt":{"rendered":"<p>Unser goldgelbes Sonnenblumen\u00f6l wird aus der ersten Pressung sorgf\u00e4ltig ausgew\u00e4hlter Sonnenblumenkerne hergestellt, die im Kaltpressverfahren angebaut werden.<\/p>\n","protected":false},"featured_media":2325,"template":"","meta":{"inline_featured_image":false},"product_cat":[55],"product_tag":[],"class_list":{"0":"post-457","1":"product","2":"type-product","3":"status-publish","4":"has-post-thumbnail","6":"product_cat-nahrungserganzung","8":"first","9":"instock","10":"featured","11":"shipping-taxable","12":"purchasable","13":"product-type-simple"},"_links":{"self":[{"href":"https:\/\/nirashop.negmtech.com\/index.php?rest_route=\/wp\/v2\/product\/457","targetHints":{"allow":["GET"]}}],"collection":[{"href":"https:\/\/nirashop.negmtech.com\/index.php?rest_route=\/wp\/v2\/product"}],"about":[{"href":"https:\/\/nirashop.negmtech.com\/index.php?rest_route=\/wp\/v2\/types\/product"}],"wp:featuredmedia":[{"embeddable":true,"href":"https:\/\/nirashop.negmtech.com\/index.php?rest_route=\/wp\/v2\/media\/2325"}],"wp:attachment":[{"href":"https:\/\/nirashop.negmtech.com\/index.php?rest_route=%2Fwp%2Fv2%2Fmedia&parent=457"}],"wp:term":[{"taxonomy":"product_cat","embeddable":true,"href":"https:\/\/nirashop.negmtech.com\/index.php?rest_route=%2Fwp%2Fv2%2Fproduct_cat&post=457"},{"taxonomy":"product_tag","embeddable":true,"href":"https:\/\/nirashop.negmtech.com\/index.php?rest_route=%2Fwp%2Fv2%2Fproduct_tag&post=457"}],"curies":[{"name":"wp","href":"https:\/\/api.w.org\/{rel}","templated":true}]}}