{"id":459,"date":"2022-08-25T10:23:10","date_gmt":"2022-08-25T10:23:10","guid":{"rendered":"https:\/\/themexriver.com\/wp\/viando-wp\/?post_type=product&#038;p=459"},"modified":"2023-07-20T14:33:18","modified_gmt":"2023-07-20T14:33:18","slug":"nestle-cerelac-3-wheat-4-fruits-10-m","status":"publish","type":"product","link":"https:\/\/nirashop.negmtech.com\/?product=nestle-cerelac-3-wheat-4-fruits-10-m","title":{"rendered":"\u00d6l Natives Oliven\u00f6l Extra 100 ml"},"content":{"rendered":"<p>Unser natives Oliven\u00f6l Extra aus Spanien wird durch schonende Kaltextraktion aus sorgf\u00e4ltig ausgew\u00e4hlten Oliven gewonnen. Es hat einen urspr\u00fcnglichen, aromatischen Geschmack und einen hohen Gehalt an einfach unges\u00e4ttigten Fetts\u00e4uren, wodurch es besonders f\u00fcr die kalte K\u00fcche geeignet ist. Es kann zum Verfeinern mediterraner Salate, Saucen oder Tomate Mozzarella verwendet werden. Das Oliven\u00f6l ist auch als 500 ml Flasche erh\u00e4ltlich. Die Vorteile des Oliven\u00f6ls umfassen eine schonende Kaltextraktion, seine nat\u00fcrliche Herkunft, einen hohen Gehalt an einfach unges\u00e4ttigten Fetts\u00e4uren, eine erste G\u00fcteklasse durch die ausschlie\u00dfliche Verwendung von mechanischen Verfahren zur Olivenextraktion, einen aromatischen Geschmack und eine sehr gut recycelbare Verpackung aus Glas.<\/p>\n","protected":false},"excerpt":{"rendered":"<p>Unser natives Oliven\u00f6l Extra aus Spanien wird durch schonende Kaltextraktion aus sorgf\u00e4ltig ausgew\u00e4hlten Oliven gewonnen. Es hat einen urspr\u00fcnglichen, aromatischen Geschmack und einen hohen Gehalt an einfach unges\u00e4ttigten Fetts\u00e4uren, wodurch es besonders f\u00fcr die kalte K\u00fcche geeignet ist.<\/p>\n","protected":false},"featured_media":2326,"template":"","meta":{"inline_featured_image":false},"product_cat":[58],"product_tag":[],"class_list":{"0":"post-459","1":"product","2":"type-product","3":"status-publish","4":"has-post-thumbnail","6":"product_cat-vorgestellte-kategorien","8":"first","9":"instock","10":"sale","11":"featured","12":"shipping-taxable","13":"purchasable","14":"product-type-simple"},"_links":{"self":[{"href":"https:\/\/nirashop.negmtech.com\/index.php?rest_route=\/wp\/v2\/product\/459","targetHints":{"allow":["GET"]}}],"collection":[{"href":"https:\/\/nirashop.negmtech.com\/index.php?rest_route=\/wp\/v2\/product"}],"about":[{"href":"https:\/\/nirashop.negmtech.com\/index.php?rest_route=\/wp\/v2\/types\/product"}],"wp:featuredmedia":[{"embeddable":true,"href":"https:\/\/nirashop.negmtech.com\/index.php?rest_route=\/wp\/v2\/media\/2326"}],"wp:attachment":[{"href":"https:\/\/nirashop.negmtech.com\/index.php?rest_route=%2Fwp%2Fv2%2Fmedia&parent=459"}],"wp:term":[{"taxonomy":"product_cat","embeddable":true,"href":"https:\/\/nirashop.negmtech.com\/index.php?rest_route=%2Fwp%2Fv2%2Fproduct_cat&post=459"},{"taxonomy":"product_tag","embeddable":true,"href":"https:\/\/nirashop.negmtech.com\/index.php?rest_route=%2Fwp%2Fv2%2Fproduct_tag&post=459"}],"curies":[{"name":"wp","href":"https:\/\/api.w.org\/{rel}","templated":true}]}}